{"id":37528,"date":"2020-08-18T16:03:03","date_gmt":"2020-08-18T16:03:03","guid":{"rendered":"https:\/\/trc.pt\/?page_id=37528"},"modified":"2020-09-03T12:06:51","modified_gmt":"2020-09-03T11:06:51","slug":"servico-de-apostilas","status":"publish","type":"page","link":"https:\/\/trc.pt\/2020\/servico-de-apostilas\/","title":{"rendered":"Servi\u00e7o de Apostilas"},"content":{"rendered":"<p>[vc_row][vc_column][vc_column_text]<u><strong>MEDIDAS DE PREVEN\u00c7\u00c3O do COVID 19<\/strong><\/u> implementadas a partir de <strong>13 de mar\u00e7o <\/strong>de 2020: <u><em><strong><a href=\"https:\/\/trc.pt\/wp-content\/uploads\/2013\/05\/Apostilas_covid19.pdf\" target=\"_blank\" rel=\"noopener noreferrer\">Consulte o documento<\/a><\/strong><\/em><\/u><\/p>\n<p><img class=\"cke-resize cke-resize cke-resize cke-resize alignright\" src=\"https:\/\/trc.pt\/2019\/images\/lacreapostila.jpg\" alt=\"\" \/><br \/>\nA Conven\u00e7\u00e3o da Haia de 5 de Outubro de 1961, relativa \u00e0 supress\u00e3o da exig\u00eancia da legaliza\u00e7\u00e3o dos actos p\u00fablicos estrangeiros, consagrou a <strong>apostila<\/strong> como a \u00fanica formalidade que pode ser exigida para testar a veracidade da assinatura, a qualidade em que o signat\u00e1rio do acto actuou, bem como a autenticidade do selo ou do carimbo, que constem dos actos p\u00fablicos lavrados no territ\u00f3rio de um Estado contratante e que devam ser apresentados no territ\u00f3rio de outro Estado contratante. Os Estados que aderiram \u00e0 Conven\u00e7\u00e3o de Haia est\u00e3o permanentemente atualizados no link:<\/p>\n<p><a href=\"http:\/\/www.hcch.net\/index_fr.php?act=conventions.authorities&amp;cid=41\" target=\"_blank\" rel=\"noopener noreferrer\">http:\/\/www.hcch.net\/index_fr.php?act=conventions.authorities&amp;cid=41<\/a><\/p>\n<p>Junto do <strong>Tribunal da Rela\u00e7\u00e3o de Coimbra, sito no Pal\u00e1cio da Justi\u00e7a na Rua da Sofia<\/strong>, funciona, na \u00e1rea de depend\u00eancia dos <strong>Servi\u00e7os Administrativos<\/strong>, a presta\u00e7\u00e3o de um servi\u00e7o da Procuradoria-Geral Distrital de Coimbra, que se consignou chamar <em>\u201c<strong>Servi\u00e7o de Apostila<\/strong>\u201d<\/em>, no qual se apostilam os documentos p\u00fablicos lavrados na \u00e1rea da compet\u00eancia territorial da Rela\u00e7\u00e3o de Coimbra, mediante o preenchimento de <strong>formul\u00e1rio pr\u00f3prio <\/strong>e <strong>pagamento do montante correspondente a 1\/10 da unidade de conta (UC), <\/strong>pelas <strong>formas de pagamento <\/strong>abaixo enumeradas<strong>.<\/strong><\/p>\n<p>O pedido da Apostila poder\u00e1 ser realizado <strong>presencialmente<\/strong>, mediante <strong>marca\u00e7\u00e3o pr\u00e9via<\/strong>, a realizar por contacto telef\u00f3nico (+351 <strong>239 096 759<\/strong>), no hor\u00e1rio compreendido entre as <strong>9h e 12h30m e 13h30m e 16h,<\/strong> ou, por<strong> via postal<\/strong>, mediante o preenchimento do <strong><a href=\"https:\/\/trc.pt\/wp-content\/uploads\/2013\/05\/formulario_apostila.pdf\" target=\"_blank\" rel=\"noopener noreferrer\">formul\u00e1rio<\/a> e <a href=\"https:\/\/trc.pt\/wp-content\/uploads\/2013\/05\/instrucoes_preenchimento.pdf\" target=\"_blank\" rel=\"noopener noreferrer\">instru\u00e7\u00f5es de preenchimento<\/a><\/strong>, aqui disponibilizado, a que se devem juntar os <strong>documentos de identifica\u00e7\u00e3o<\/strong> abaixo mencionados e <strong>envelope selado e endere\u00e7ado para a morada pretendida<\/strong>, enviados para:<\/p>\n<p><strong>\u00a0 \u00a0 \u00a0Procuradoria-Geral Regional de Coimbra<\/strong><br \/>\n<strong>\u00a0 \u00a0 \u00a0Servi\u00e7o de Apostilas<\/strong><br \/>\n<strong>\u00a0 \u00a0 \u00a0Rua da Sofia \u2013 Pal\u00e1cio da Justi\u00e7a<\/strong><br \/>\n<strong>\u00a0 \u00a0 \u00a03004-501 Coimbra<\/strong><\/p>\n<p>Cada Apostila tem o <strong>custo<\/strong> de <strong>10,20\u20ac,<\/strong> sendo <strong>o pagamento<\/strong> efetuado por:<\/p>\n<ul>\n<li><strong>Numer\u00e1rio<\/strong>;<\/li>\n<li><strong>Cheque <\/strong>\u00e0 ordem do IGCP, E.P.E. (Ag\u00eancia de Gest\u00e3o da Tesouraria e da D\u00edvida P\u00fablica)<\/li>\n<li><strong>Transfer\u00eancia banc\u00e1ria<\/strong> (<strong><u>NUNCA<\/u> <\/strong>por e-banking) ou <strong>dep\u00f3sito em conta<\/strong>:<br \/>\n<strong>IBAN<\/strong>: PT50078101120000000686152<br \/>\n<strong>BIC<\/strong>: IGCPPTPL<\/li>\n<\/ul>\n<p><strong>Documentos a anexar:<\/strong> C\u00f3pia do Bilhete de Identidade, Cart\u00e3o de Cidad\u00e3o, Passaporte ou T\u00edtulo de Resid\u00eancia, NIF, comprovativo original do pagamento efetuado e envelope selado e endere\u00e7ado para a morada pretendida.<\/p>\n<p><strong>Contactos:<\/strong><br \/>\n<strong>\u00a0 \u00a0 \u00a0Correio eletr\u00f3nico<\/strong>: <a href=\"mailto:ad.coimbra.tr@tribunais.org.pt\">ad.coimbra.tr@tribunais.org.pt<\/a><br \/>\n<strong>\u00a0 \u00a0 \u00a0Telefone<\/strong>: (351) 239 096 759<br \/>\n<strong>\u00a0 \u00a0 \u00a0Telefax<\/strong>: (351) 239 824 310<\/p>\n<p>Nos termos da Conven\u00e7\u00e3o, s\u00e3o legalizados por meio de apostila, para produzirem efeitos noutro Estado contratante, por exemplo, os <strong>documentos emitidos pelas seguintes entidades<\/strong>:<\/p>\n<ul>\n<li>Conservat\u00f3rias do Registo Civil (assentos de nascimento, assentos de casamento, assentos de \u00f3bito, etc.);<\/li>\n<li>Conservat\u00f3rias do Registo Predial;<\/li>\n<li>Conservat\u00f3rias do Registo Comercial;<\/li>\n<li>Cart\u00f3rios Notariais (escrituras);<\/li>\n<li>Juntas de Freguesia (prova de vida, prova de resid\u00eancia, certifica\u00e7\u00e3o de fotoc\u00f3pias de documentos originais);<\/li>\n<li>Escolas B\u00e1sicas P\u00fablicas;<\/li>\n<li>Escolas Secund\u00e1rias P\u00fablicas;<\/li>\n<li>Universidades e Institutos P\u00fablicos (diplomas);<\/li>\n<li>Minist\u00e9rios;<\/li>\n<li>Tribunais (div\u00f3rcios, acordos de poder paternal, etc.).<\/li>\n<\/ul>\n<p>A apostila, pode tamb\u00e9m, ser aplicada a <strong>documentos emitidos pelas Escolas Privadas do ensino b\u00e1sico e secund\u00e1rio e pelas Universidades Privadas<\/strong>, desde que venham devidamente instru\u00eddos com documento de reconhecimento, nos seguintes termos:<\/p>\n<ul>\n<li>Declara\u00e7\u00e3o de reconhecimento de que o estabelecimento de ensino b\u00e1sico ou secund\u00e1rio privado existe e tem autoriza\u00e7\u00e3o de funcionamento, emitida pela Dire\u00e7\u00e3o de Servi\u00e7os da Regi\u00e3o Centro, da Dire\u00e7\u00e3o-Geral dos Estabelecimentos Escolares (ex-DREC), sita na Rua General Humberto Delgado, 319, 3030-327 Coimbra;<\/li>\n<li>Declara\u00e7\u00e3o de reconhecimento, quer do estabelecimento de ensino pertencente \u00e0 rede de estabelecimentos de ensino superior portugueses, quer dos cursos conferentes de grau acad\u00e9mico a\u00ed ministrados, emitida pela Dire\u00e7\u00e3o-Geral do Ensino Superior (DGES), sita da Av. Duque D\u2019\u00c1vila, 137, 1069-016 Lisboa;<\/li>\n<\/ul>\n<p>A Apostila<strong> n\u00e3o \u00e9 aplic\u00e1vel<\/strong>:<\/p>\n<ul>\n<li><img class=\"cke-resize cke-resize alignright\" src=\"https:\/\/trc.pt\/2019\/images\/assinat.jpg\" alt=\"\" \/>Aos documentos elaborados pelos agentes diplom\u00e1ticos e consulares;<\/li>\n<li>Aos documentos administrativos relacionados diretamente com uma opera\u00e7\u00e3o comercial ou aduaneira<\/li>\n<\/ul>\n<p><strong>Utilize o seguinte <\/strong><strong><a href=\"https:\/\/trc.pt\/wp-content\/uploads\/2013\/05\/formulario_apostila.pdf\" target=\"_blank\" rel=\"noopener noreferrer\">formul\u00e1rio<\/a> e <a href=\"https:\/\/trc.pt\/wp-content\/uploads\/2013\/05\/instrucoes_preenchimento.pdf\" target=\"_blank\" rel=\"noopener noreferrer\">instru\u00e7\u00f5es de preenchimento<\/a><\/strong><br \/>\n(a imprimir em <strong>pdf<\/strong>)[\/vc_column_text][\/vc_column][\/vc_row]<\/p>\n","protected":false},"excerpt":{"rendered":"<p>[vc_row][vc_column][vc_column_text]MEDIDAS DE PREVEN\u00c7\u00c3O do COVID 19 implementadas a partir de 13 de mar\u00e7o de 2020: Consulte o documento A Conven\u00e7\u00e3o<\/p>\n","protected":false},"author":41,"featured_media":0,"parent":0,"menu_order":0,"comment_status":"closed","ping_status":"closed","template":"","meta":[],"_links":{"self":[{"href":"https:\/\/trc.pt\/2020\/wp-json\/wp\/v2\/pages\/37528"}],"collection":[{"href":"https:\/\/trc.pt\/2020\/wp-json\/wp\/v2\/pages"}],"about":[{"href":"https:\/\/trc.pt\/2020\/wp-json\/wp\/v2\/types\/page"}],"author":[{"embeddable":true,"href":"https:\/\/trc.pt\/2020\/wp-json\/wp\/v2\/users\/41"}],"replies":[{"embeddable":true,"href":"https:\/\/trc.pt\/2020\/wp-json\/wp\/v2\/comments?post=37528"}],"version-history":[{"count":12,"href":"https:\/\/trc.pt\/2020\/wp-json\/wp\/v2\/pages\/37528\/revisions"}],"predecessor-version":[{"id":37789,"href":"https:\/\/trc.pt\/2020\/wp-json\/wp\/v2\/pages\/37528\/revisions\/37789"}],"wp:attachment":[{"href":"https:\/\/trc.pt\/2020\/wp-json\/wp\/v2\/media?parent=37528"}],"curies":[{"name":"wp","href":"https:\/\/api.w.org\/{rel}","templated":true}]}}